{"id":43,"date":"2020-03-29T16:28:18","date_gmt":"2020-03-29T16:28:18","guid":{"rendered":"http:\/\/der-bauernhofurlaub.de\/?page_id=43"},"modified":"2024-02-06T12:34:05","modified_gmt":"2024-02-06T12:34:05","slug":"about-us","status":"publish","type":"page","link":"https:\/\/der-bauernhofurlaub.de\/?page_id=43","title":{"rendered":"About Us"},"content":{"rendered":"<div id=\"themify_builder_content-43\" data-postid=\"43\" class=\"themify_builder_content themify_builder_content-43 themify_builder\">\n    \t<!-- module_row -->\n\t<div   class=\"themify_builder_row module_row clearfix builder-parallax-scrolling module_row_0 themify_builder_43_row module_row_43-0 tb_t6vd162\">\n\t    <div class=\"builder_row_cover\"><\/div>\t    <div class=\"row_inner col_align_top\" >\n\t\t\t<div  class=\"module_column tb-column col-full first tb_43_column module_column_0 module_column_43-0-0 tb_7idm164\">\n\t    \t    \t        <div class=\"tb-column-inner\">\n\t\t            <!-- module fancy heading -->\n    <div  class=\"module module-fancy-heading tb_r5u4844  \">\n\t        <h1 class=\"fancy-heading tb-align-center\">\n        <span  class=\"main-head\">\n            \u00dcber uns        <\/span>\n        <span class=\"sub-head tb_hide_divider\">\n                    <\/span>\n\n        <\/h1>\n    <\/div>\n    <!-- \/module fancy heading -->\n\t        <\/div>\n\t    \t<\/div>\n\t\t    <\/div>\n\t    <!-- \/row_inner -->\n\t<\/div>\n\t<!-- \/module_row -->\n\t\t<!-- module_row -->\n\t<div   class=\"themify_builder_row module_row clearfix module_row_1 themify_builder_43_row module_row_43-1 tb_w1ib464\">\n\t    \t    <div class=\"row_inner col_align_middle\" >\n\t\t\t<div  class=\"module_column tb-column col2-1 first tb_43_column module_column_0 module_column_43-1-0 tb_oscb467\">\n\t    \t    \t        <div class=\"tb-column-inner\">\n\t\t    <!-- module text -->\n<div  class=\"module module-text tb_9nrc898    \">\n            <div  class=\"tb_text_wrap\">\n    <p>Herzlich willkommen auf dem Krusenhoff der Familie Bokeloh in Verdenermoor!<\/p>\n<p>\u00a0<\/p>\n<p>Die Familie Bokeloh, bestehend aus Vater Dieter, Mutter Magdalene, Sohn Christoph und Schwiegertochter Janina, l\u00e4dt Sie herzlich ein, Teil ihrer traditionsreichen Geschichte zu werden. Der Hof hat seine Wurzeln im Jahr 1794 und hat sich seit 1992 unter der Leitung der Familie von der klassischen Milchviehhaltung zu einem idyllischen Ort f\u00fcr Ferieng\u00e4ste gewandelt.<\/p>\n<p>\u00a0<\/p>\n<p>Seit 2005 pflegt Christoph mit Hingabe eine beeindruckende Angusherde. Diese robusten Tiere grasen ausschlie\u00dflich auf den saftigen Moorwiesen direkt hinter dem Hof.<\/p>\n<p>\u00a0<\/p>\n<p>Seit September 2019 tragen Janina &amp; Christoph die Verantwortung f\u00fcr den Hof und steht Ihnen als kompetenter Ansprechpartner f\u00fcr alle Fragen und W\u00fcnsche zur Verf\u00fcgung.<\/p>\n<p>\u00a0<\/p>\n<p>Dieter und Christoph sorgen daf\u00fcr, dass die Kinder auf dem Hof und dem Au\u00dfengel\u00e4nde viele Spielm\u00f6glichkeiten haben. Janina bietet zudem die M\u00f6glichkeit zur Ponypflege und zu aufregenden Ausritten an. Magdalene k\u00fcmmert sich um Ordnung im Garten und verw\u00f6hnt die G\u00e4ste gerne mit selbstgemachtem Stockbrot am Lagerfeuer.<\/p>\n<p>\u00a0<\/p>\n<p>Erleben Sie Landwirtschaft und Gastfreundschaft auf dem Hof Bokeloh &#8211; wo Tradition auf Moderne trifft!<\/p>    <\/div>\n<\/div>\n<!-- \/module text -->\n\t        <\/div>\n\t    \t<\/div>\n\t\t<div  class=\"module_column tb-column col2-1 last tb_43_column module_column_1 module_column_43-1-1 tb_2seh467\" >\n\t    \t    \t        <div class=\"tb-column-inner\">\n\t\t        <!-- module gallery -->\n    <div  class=\"module gallery module-gallery tb_klym699 gallery-columns-4  layout-slider   \">\n\t                \n<ul class=\"themify_builder_slider\"\n\tdata-id=\"tb_klym699\"\n\tdata-visible=\"1\" \n\tdata-mob-visible=\"1\"\n\tdata-scroll=\"1\" \n\tdata-auto-scroll=\"4\"\n\tdata-speed=\"1\"\n\tdata-wrap=\"yes\"\n\tdata-arrow=\"\"\n\tdata-pagination=\"0\"\n\tdata-effect=\"scroll\" \n\tdata-height=\"auto\"\n\tdata-sync=\"#tb_klym699-thumbs\"\tdata-pause-on-hover=\"resume\">\n\n\t<li data-index=\"0\">\n\t<div class=\"slide-inner-wrap\">\n\t\t<div class=\"slide-image gallery-icon\"><a href=\"https:\/\/der-bauernhofurlaub.de\/wp-content\/uploads\/2021\/10\/Janina-_-Christoph_6-scaled.jpeg\" class=\"themify_lightbox\"><img loading=\"lazy\" decoding=\"async\" width=\"1707\" height=\"2560\" src=\"https:\/\/der-bauernhofurlaub.de\/wp-content\/uploads\/2021\/10\/Janina-_-Christoph_6-scaled.jpeg\" class=\" wp-post-image wp-image-484\" alt=\"Janina _ Christoph_6\" srcset=\"https:\/\/der-bauernhofurlaub.de\/wp-content\/uploads\/2021\/10\/Janina-_-Christoph_6-scaled.jpeg 1707w, https:\/\/der-bauernhofurlaub.de\/wp-content\/uploads\/2021\/10\/Janina-_-Christoph_6-200x300.jpeg 200w, https:\/\/der-bauernhofurlaub.de\/wp-content\/uploads\/2021\/10\/Janina-_-Christoph_6-683x1024.jpeg 683w, https:\/\/der-bauernhofurlaub.de\/wp-content\/uploads\/2021\/10\/Janina-_-Christoph_6-768x1152.jpeg 768w, https:\/\/der-bauernhofurlaub.de\/wp-content\/uploads\/2021\/10\/Janina-_-Christoph_6-1024x1536.jpeg 1024w, https:\/\/der-bauernhofurlaub.de\/wp-content\/uploads\/2021\/10\/Janina-_-Christoph_6-1365x2048.jpeg 1365w\" sizes=\"auto, (max-width: 1707px) 100vw, 1707px\" \/><\/a>\t\t<\/div>\n\t\t\t<\/div><\/li>\n\t<li data-index=\"1\">\n\t<div class=\"slide-inner-wrap\">\n\t\t<div class=\"slide-image gallery-icon\"><a href=\"https:\/\/der-bauernhofurlaub.de\/wp-content\/uploads\/2021\/10\/Janina-_-Christoph_16-scaled.jpeg\" class=\"themify_lightbox\"><img loading=\"lazy\" decoding=\"async\" width=\"2560\" height=\"1707\" src=\"https:\/\/der-bauernhofurlaub.de\/wp-content\/uploads\/2021\/10\/Janina-_-Christoph_16-scaled.jpeg\" class=\" wp-post-image wp-image-485\" alt=\"Janina _ Christoph_16\" srcset=\"https:\/\/der-bauernhofurlaub.de\/wp-content\/uploads\/2021\/10\/Janina-_-Christoph_16-scaled.jpeg 2560w, https:\/\/der-bauernhofurlaub.de\/wp-content\/uploads\/2021\/10\/Janina-_-Christoph_16-1024x683-300x200.jpeg 300w, https:\/\/der-bauernhofurlaub.de\/wp-content\/uploads\/2021\/10\/Janina-_-Christoph_16-1024x683.jpeg 1024w, https:\/\/der-bauernhofurlaub.de\/wp-content\/uploads\/2021\/10\/Janina-_-Christoph_16-768x512.jpeg 768w, https:\/\/der-bauernhofurlaub.de\/wp-content\/uploads\/2021\/10\/Janina-_-Christoph_16-1536x1024.jpeg 1536w, https:\/\/der-bauernhofurlaub.de\/wp-content\/uploads\/2021\/10\/Janina-_-Christoph_16-2048x1365.jpeg 2048w\" sizes=\"auto, (max-width: 2560px) 100vw, 2560px\" \/><\/a>\t\t<\/div>\n\t\t\t<\/div><\/li>\n\t<li data-index=\"2\">\n\t<div class=\"slide-inner-wrap\">\n\t\t<div class=\"slide-image gallery-icon\"><a href=\"https:\/\/der-bauernhofurlaub.de\/wp-content\/uploads\/2021\/10\/Janina-_-Christoph_20.jpeg\" class=\"themify_lightbox\"><img loading=\"lazy\" decoding=\"async\" width=\"1388\" height=\"925\" src=\"https:\/\/der-bauernhofurlaub.de\/wp-content\/uploads\/2021\/10\/Janina-_-Christoph_20.jpeg\" class=\" wp-post-image wp-image-486\" alt=\"Janina _ Christoph_20\" srcset=\"https:\/\/der-bauernhofurlaub.de\/wp-content\/uploads\/2021\/10\/Janina-_-Christoph_20.jpeg 1388w, https:\/\/der-bauernhofurlaub.de\/wp-content\/uploads\/2021\/10\/Janina-_-Christoph_20-1024x682-300x200.jpeg 300w, https:\/\/der-bauernhofurlaub.de\/wp-content\/uploads\/2021\/10\/Janina-_-Christoph_20-1024x682.jpeg 1024w, https:\/\/der-bauernhofurlaub.de\/wp-content\/uploads\/2021\/10\/Janina-_-Christoph_20-768x512.jpeg 768w\" sizes=\"auto, (max-width: 1388px) 100vw, 1388px\" \/><\/a>\t\t<\/div>\n\t\t\t<\/div><\/li>\n\t<li data-index=\"3\">\n\t<div class=\"slide-inner-wrap\">\n\t\t<div class=\"slide-image gallery-icon\"><a href=\"https:\/\/der-bauernhofurlaub.de\/wp-content\/uploads\/2021\/10\/Janina-_-Christoph_24-scaled.jpeg\" class=\"themify_lightbox\"><img loading=\"lazy\" decoding=\"async\" width=\"2560\" height=\"1920\" src=\"https:\/\/der-bauernhofurlaub.de\/wp-content\/uploads\/2021\/10\/Janina-_-Christoph_24-scaled.jpeg\" class=\" wp-post-image wp-image-487\" alt=\"Janina _ Christoph_24\" srcset=\"https:\/\/der-bauernhofurlaub.de\/wp-content\/uploads\/2021\/10\/Janina-_-Christoph_24-scaled.jpeg 2560w, https:\/\/der-bauernhofurlaub.de\/wp-content\/uploads\/2021\/10\/Janina-_-Christoph_24-300x225.jpeg 300w, https:\/\/der-bauernhofurlaub.de\/wp-content\/uploads\/2021\/10\/Janina-_-Christoph_24-1024x768.jpeg 1024w, https:\/\/der-bauernhofurlaub.de\/wp-content\/uploads\/2021\/10\/Janina-_-Christoph_24-768x576.jpeg 768w, https:\/\/der-bauernhofurlaub.de\/wp-content\/uploads\/2021\/10\/Janina-_-Christoph_24-1536x1152.jpeg 1536w, https:\/\/der-bauernhofurlaub.de\/wp-content\/uploads\/2021\/10\/Janina-_-Christoph_24-2048x1536.jpeg 2048w\" sizes=\"auto, (max-width: 2560px) 100vw, 2560px\" \/><\/a>\t\t<\/div>\n\t\t\t<\/div><\/li>\n<\/ul>\n\n<ul id=\"tb_klym699-thumbs\" class=\"themify_builder_slider\"\n\tdata-id=\"tb_klym699\"\n\tdata-visible=\"4\" \n\tdata-mob-visible=\"0\"\n\tdata-scroll=\"1\" \n\tdata-auto-scroll=\"\"\n\tdata-speed=\"1\"\n\tdata-wrap=\"yes\"\n\tdata-arrow=\"yes\"\n\tdata-pagination=\"0\"\n\tdata-effect=\"scroll\" \n\tdata-height=\"auto\"\n\t\tdata-pause-on-hover=\"resume\">\n\n\t<li data-index=\"0\">\n\t<div class=\"slide-inner-wrap\">\n\t\t<div class=\"slide-image gallery-icon\"><img loading=\"lazy\" decoding=\"async\" src=\"https:\/\/der-bauernhofurlaub.de\/wp-content\/uploads\/2021\/10\/Janina-_-Christoph_6-683x1024-300x200.jpeg\" width=\"300\" height=\"200\" class=\" wp-post-image wp-image-484\" alt=\"Janina _ Christoph_6\" \/>\t\t<\/div>\n\t\t\t<\/div><\/li>\n\t<li data-index=\"1\">\n\t<div class=\"slide-inner-wrap\">\n\t\t<div class=\"slide-image gallery-icon\"><img loading=\"lazy\" decoding=\"async\" src=\"https:\/\/der-bauernhofurlaub.de\/wp-content\/uploads\/2021\/10\/Janina-_-Christoph_16-1024x683-300x200.jpeg\" width=\"300\" height=\"200\" class=\" wp-post-image wp-image-485\" alt=\"Janina _ Christoph_16\" srcset=\"https:\/\/der-bauernhofurlaub.de\/wp-content\/uploads\/2021\/10\/Janina-_-Christoph_16-1024x683-300x200.jpeg 300w, https:\/\/der-bauernhofurlaub.de\/wp-content\/uploads\/2021\/10\/Janina-_-Christoph_16-1024x683.jpeg 1024w, https:\/\/der-bauernhofurlaub.de\/wp-content\/uploads\/2021\/10\/Janina-_-Christoph_16-768x512.jpeg 768w, https:\/\/der-bauernhofurlaub.de\/wp-content\/uploads\/2021\/10\/Janina-_-Christoph_16-1536x1024.jpeg 1536w, https:\/\/der-bauernhofurlaub.de\/wp-content\/uploads\/2021\/10\/Janina-_-Christoph_16-2048x1365.jpeg 2048w\" sizes=\"auto, (max-width: 300px) 100vw, 300px\" \/>\t\t<\/div>\n\t\t\t<\/div><\/li>\n\t<li data-index=\"2\">\n\t<div class=\"slide-inner-wrap\">\n\t\t<div class=\"slide-image gallery-icon\"><img loading=\"lazy\" decoding=\"async\" src=\"https:\/\/der-bauernhofurlaub.de\/wp-content\/uploads\/2021\/10\/Janina-_-Christoph_20-1024x682-300x200.jpeg\" width=\"300\" height=\"200\" class=\" wp-post-image wp-image-486\" alt=\"Janina _ Christoph_20\" srcset=\"https:\/\/der-bauernhofurlaub.de\/wp-content\/uploads\/2021\/10\/Janina-_-Christoph_20-1024x682-300x200.jpeg 300w, https:\/\/der-bauernhofurlaub.de\/wp-content\/uploads\/2021\/10\/Janina-_-Christoph_20-1024x682.jpeg 1024w, https:\/\/der-bauernhofurlaub.de\/wp-content\/uploads\/2021\/10\/Janina-_-Christoph_20-768x512.jpeg 768w, https:\/\/der-bauernhofurlaub.de\/wp-content\/uploads\/2021\/10\/Janina-_-Christoph_20.jpeg 1388w\" sizes=\"auto, (max-width: 300px) 100vw, 300px\" \/>\t\t<\/div>\n\t\t\t<\/div><\/li>\n\t<li data-index=\"3\">\n\t<div class=\"slide-inner-wrap\">\n\t\t<div class=\"slide-image gallery-icon\"><img loading=\"lazy\" decoding=\"async\" src=\"https:\/\/der-bauernhofurlaub.de\/wp-content\/uploads\/2021\/10\/Janina-_-Christoph_24-1024x768-300x200.jpeg\" width=\"300\" height=\"200\" class=\" wp-post-image wp-image-487\" alt=\"Janina _ Christoph_24\" \/>\t\t<\/div>\n\t\t\t<\/div><\/li>\n<\/ul>\n\n    <\/div>\n    <!-- \/module gallery -->\n\t        <\/div>\n\t    \t<\/div>\n\t\t    <\/div>\n\t    <!-- \/row_inner -->\n\t<\/div>\n\t<!-- \/module_row -->\n\t<\/div>\n<!-- AddThis Advanced Settings generic via filter on the_content --><!-- AddThis Share Buttons generic via filter on the_content -->","protected":false},"excerpt":{"rendered":"<p>\u00dcber uns Herzlich willkommen auf dem Krusenhoff der Familie Bokeloh in Verdenermoor! \u00a0 Die Familie Bokeloh, bestehend aus Vater Dieter, Mutter Magdalene, Sohn Christoph und Schwiegertochter Janina, l\u00e4dt Sie herzlich ein, Teil ihrer traditionsreichen Geschichte zu werden. Der Hof hat seine Wurzeln im Jahr 1794 und hat sich seit 1992 unter der Leitung der Familie [&hellip;]<!-- AddThis Advanced Settings generic via filter on get_the_excerpt --><!-- AddThis Share Buttons generic via filter on get_the_excerpt --><\/p>\n","protected":false},"author":2,"featured_media":0,"parent":0,"menu_order":0,"comment_status":"closed","ping_status":"closed","template":"","meta":{"content-type":"","footnotes":""},"class_list":["post-43","page","type-page","status-publish","hentry","has-post-title","has-post-date","has-post-category","has-post-tag","has-post-comment","has-post-author",""],"_links":{"self":[{"href":"https:\/\/der-bauernhofurlaub.de\/index.php?rest_route=\/wp\/v2\/pages\/43","targetHints":{"allow":["GET"]}}],"collection":[{"href":"https:\/\/der-bauernhofurlaub.de\/index.php?rest_route=\/wp\/v2\/pages"}],"about":[{"href":"https:\/\/der-bauernhofurlaub.de\/index.php?rest_route=\/wp\/v2\/types\/page"}],"author":[{"embeddable":true,"href":"https:\/\/der-bauernhofurlaub.de\/index.php?rest_route=\/wp\/v2\/users\/2"}],"replies":[{"embeddable":true,"href":"https:\/\/der-bauernhofurlaub.de\/index.php?rest_route=%2Fwp%2Fv2%2Fcomments&post=43"}],"version-history":[{"count":14,"href":"https:\/\/der-bauernhofurlaub.de\/index.php?rest_route=\/wp\/v2\/pages\/43\/revisions"}],"predecessor-version":[{"id":584,"href":"https:\/\/der-bauernhofurlaub.de\/index.php?rest_route=\/wp\/v2\/pages\/43\/revisions\/584"}],"wp:attachment":[{"href":"https:\/\/der-bauernhofurlaub.de\/index.php?rest_route=%2Fwp%2Fv2%2Fmedia&parent=43"}],"curies":[{"name":"wp","href":"https:\/\/api.w.org\/{rel}","templated":true}]}}